{"id":212,"date":"2019-03-09T04:29:59","date_gmt":"2019-03-09T04:29:59","guid":{"rendered":"http:\/\/www.desprouy.com\/products\/"},"modified":"2019-03-20T20:51:46","modified_gmt":"2019-03-20T20:51:46","slug":"productos","status":"publish","type":"page","link":"http:\/\/www.desprouy.com\/es\/productos\/","title":{"rendered":"Productos"},"content":{"rendered":"[vc_row type=\u00bbin_container\u00bb full_screen_row_position=\u00bbmiddle\u00bb bg_image=\u00bb148&#8243; bg_position=\u00bbcenter center\u00bb bg_repeat=\u00bbno-repeat\u00bb parallax_bg=\u00bbtrue\u00bb parallax_bg_speed=\u00bbfast\u00bb scene_position=\u00bbcenter\u00bb text_color=\u00bblight\u00bb text_align=\u00bbleft\u00bb top_padding=\u00bb8%\u00bb bottom_padding=\u00bb8%\u00bb color_overlay=\u00bb#0c0c0c\u00bb overlay_strength=\u00bb0.5&#8243; shape_divider_position=\u00bbbottom\u00bb shape_type=\u00bb\u00bb][vc_column column_padding=\u00bbno-extra-padding\u00bb column_padding_position=\u00bball\u00bb background_color_opacity=\u00bb1&#8243; background_hover_color_opacity=\u00bb1&#8243; column_link_target=\u00bb_self\u00bb column_shadow=\u00bbnone\u00bb column_border_radius=\u00bbnone\u00bb width=\u00bb1\/6&#8243; tablet_width_inherit=\u00bbdefault\u00bb tablet_text_alignment=\u00bbdefault\u00bb phone_text_alignment=\u00bbdefault\u00bb column_border_width=\u00bbnone\u00bb column_border_style=\u00bbsolid\u00bb][\/vc_column][vc_column enable_animation=\u00bbtrue\u00bb animation=\u00bbfade-in-from-bottom\u00bb column_padding=\u00bbpadding-5-percent\u00bb column_padding_position=\u00bball\u00bb background_color_opacity=\u00bb1&#8243; background_hover_color_opacity=\u00bb1&#8243; column_link_target=\u00bb_self\u00bb column_shadow=\u00bbnone\u00bb column_border_radius=\u00bbnone\u00bb width=\u00bb2\/3&#8243; tablet_width_inherit=\u00bbdefault\u00bb tablet_text_alignment=\u00bbdefault\u00bb phone_text_alignment=\u00bbdefault\u00bb column_border_width=\u00bbnone\u00bb column_border_style=\u00bbsolid\u00bb][nectar_highlighted_text highlight_color=\u00bb#ff1053&#8243; style=\u00bbhalf_text\u00bb]\n<h2 style=\"text-align: center;\"><a href=\"#products\" target=\"_blank\" rel=\"noopener noreferrer\"><em>Productos<\/em><\/a> naturales seleccionados para alimento de animales y agricultura.<\/h2>\n[\/nectar_highlighted_text][\/vc_column][vc_column column_padding=\u00bbno-extra-padding\u00bb column_padding_position=\u00bball\u00bb background_color_opacity=\u00bb1&#8243; background_hover_color_opacity=\u00bb1&#8243; column_link_target=\u00bb_self\u00bb column_shadow=\u00bbnone\u00bb column_border_radius=\u00bbnone\u00bb width=\u00bb1\/6&#8243; tablet_width_inherit=\u00bbdefault\u00bb tablet_text_alignment=\u00bbdefault\u00bb phone_text_alignment=\u00bbdefault\u00bb column_border_width=\u00bbnone\u00bb column_border_style=\u00bbsolid\u00bb][\/vc_column][\/vc_row][vc_row type=\u00bbin_container\u00bb full_screen_row_position=\u00bbmiddle\u00bb scene_position=\u00bbcenter\u00bb text_color=\u00bbdark\u00bb text_align=\u00bbleft\u00bb overlay_strength=\u00bb0.3&#8243; shape_divider_position=\u00bbbottom\u00bb][vc_column centered_text=\u00bbtrue\u00bb column_padding=\u00bbpadding-2-percent\u00bb column_padding_position=\u00bball\u00bb background_color_opacity=\u00bb1&#8243; background_hover_color_opacity=\u00bb1&#8243; column_link_target=\u00bb_self\u00bb column_shadow=\u00bbnone\u00bb column_border_radius=\u00bbnone\u00bb width=\u00bb1\/1&#8243; tablet_width_inherit=\u00bbdefault\u00bb tablet_text_alignment=\u00bbdefault\u00bb phone_text_alignment=\u00bbdefault\u00bb column_border_width=\u00bbnone\u00bb column_border_style=\u00bbsolid\u00bb]\r\n    <div class=\"col span_12 section-title text-align-center extra-padding\">\r\n\t\t<h2>\n<h2>Para animales.<\/h2>\n<p>Productos principales.<\/h2><\/div><div class=\"clear\"><\/div>[\/vc_column][\/vc_row][vc_row type=\u00bbin_container\u00bb full_screen_row_position=\u00bbmiddle\u00bb scene_position=\u00bbcenter\u00bb text_color=\u00bbdark\u00bb text_align=\u00bbleft\u00bb top_padding=\u00bb1%\u00bb bottom_padding=\u00bb2%\u00bb id=\u00bbproducts\u00bb overlay_strength=\u00bb0.3&#8243; shape_divider_position=\u00bbbottom\u00bb shape_type=\u00bb\u00bb][vc_column centered_text=\u00bbtrue\u00bb column_padding=\u00bbno-extra-padding\u00bb column_padding_position=\u00bball\u00bb background_color_opacity=\u00bb1&#8243; background_hover_color_opacity=\u00bb1&#8243; column_link_target=\u00bb_self\u00bb column_shadow=\u00bbnone\u00bb column_border_radius=\u00bbnone\u00bb width=\u00bb1\/1&#8243; tablet_width_inherit=\u00bbdefault\u00bb tablet_text_alignment=\u00bbdefault\u00bb phone_text_alignment=\u00bbdefault\u00bb column_border_width=\u00bbnone\u00bb column_border_style=\u00bbsolid\u00bb]\t\r\n\t\r\n\r\n\r\n\t<div class=\"portfolio-wrap \">\r\n\t\t\t\r\n\t\t\t\r\n\t\t\t<span class=\"portfolio-loading  none\">   <\/span>\r\n\r\n\t\t\t\r\n\t\t\t\t\t\t\r\n\t\t\t<div class=\"row portfolio-items no-masonry  \" data-rcp=\"false\" data-masonry-type=\"default\" data-ps=\"9\" data-starting-filter=\"\" data-gutter=\"default\" data-categories-to-show=\"fish,pets,pig,poultry\" data-lightbox-only=\"0\" data-col-num=\"cols-3\">\r\n\t\t\t\t\t\t\t\t\t\r\n\t\t\t\t\t\t\t\t\t\t\r\n\t\t\t\t\t<div class=\"col span_4  element home-es pets-es \"  data-project-cat=\"home-es pets-es \" data-default-color=\"true\" data-title-color=\"\" data-subtitle-color=\"\">\r\n\t\t\t\t\t\t\r\n\t\t\t\t\t\t<div class=\"inner-wrap animated\" data-animation=\"none\">\r\n\r\n\t\t\t\t\t\t              \r\n            <div class=\"work-item style-1\" data-custom-content=\"off\">\r\n               \r\n              <img class=\"size- skip-lazy\" src=\"http:\/\/www.desprouy.com\/wp-content\/uploads\/2019\/03\/Attachment_1536686857111100001_attach_1_.png\" alt=\"\" height=\"\" width=\"\" srcset=\"http:\/\/www.desprouy.com\/wp-content\/uploads\/2019\/03\/Attachment_1536686857111100001_attach_1_.png 600w, http:\/\/www.desprouy.com\/wp-content\/uploads\/2019\/03\/Attachment_1536686857111100001_attach_1_-288x269.png 400w\" sizes=\"(min-width: 1000px) 33.3vw, (min-width: 690px) 50vw, 100vw\" \/>              \r\n\r\n              <div class=\"work-info\"> \r\n                \r\n              \r\n                                  \r\n                  <a href=\"https:\/\/www.foodplement.com\/\"><\/a>\r\n                \r\n                                      \r\n      \r\n              <\/div>\r\n                \r\n              <\/div><!--work-item-->\r\n              \r\n              <div class=\"work-meta\">\r\n                <h4 class=\"title\">Foodplement<\/h4>\r\n                \r\n                                \r\n              <\/div>\r\n\r\n          \r\n          \t\t\t\t\t\t\r\n\t\t\t\t\t\t\r\n\t\t\t\t\t<\/div><!--\/inner-wrap-->\r\n\t\t\t\t\t<\/div><!--\/col-->\r\n\t\t\t\t\t\r\n\t\t\t\t\t\t\t\t\t\r\n\t\t\t\t\t\t\t\t\t\t\r\n\t\t\t\t\t<div class=\"col span_4  element fish-es home-es pets-es pig-es poultry-es \"  data-project-cat=\"fish-es home-es pets-es pig-es poultry-es \" data-default-color=\"true\" data-title-color=\"\" data-subtitle-color=\"\">\r\n\t\t\t\t\t\t\r\n\t\t\t\t\t\t<div class=\"inner-wrap animated\" data-animation=\"none\">\r\n\r\n\t\t\t\t\t\t              \r\n            <div class=\"work-item style-1\" data-custom-content=\"off\">\r\n               \r\n              <img class=\"size- skip-lazy\" src=\"http:\/\/www.desprouy.com\/wp-content\/uploads\/2019\/03\/hemoglobina.jpg\" alt=\"\" height=\"\" width=\"\" srcset=\"http:\/\/www.desprouy.com\/wp-content\/uploads\/2019\/03\/hemoglobina.jpg 600w\" sizes=\"(min-width: 1000px) 33.3vw, (min-width: 690px) 50vw, 100vw\" \/>              \r\n\r\n              <div class=\"work-info\"> \r\n                \r\n              \r\n                                  \r\n                  <a href=\"http:\/\/www.desprouy.com\/es\/portfolio\/hemoglobine\/\"><\/a>\r\n                \r\n                                      \r\n      \r\n              <\/div>\r\n                \r\n              <\/div><!--work-item-->\r\n              \r\n              <div class=\"work-meta\">\r\n                <h4 class=\"title\">Hemoglobina<\/h4>\r\n                \r\n                                \r\n              <\/div>\r\n\r\n          \r\n          \t\t\t\t\t\t\r\n\t\t\t\t\t\t\r\n\t\t\t\t\t<\/div><!--\/inner-wrap-->\r\n\t\t\t\t\t<\/div><!--\/col-->\r\n\t\t\t\t\t\r\n\t\t\t\t\t\t\t\t\t\r\n\t\t\t\t\t\t\t\t\t\t\r\n\t\t\t\t\t<div class=\"col span_4  element fish-es home-es pets-es pig-es poultry-es \"  data-project-cat=\"fish-es home-es pets-es pig-es poultry-es \" data-default-color=\"true\" data-title-color=\"\" data-subtitle-color=\"\">\r\n\t\t\t\t\t\t\r\n\t\t\t\t\t\t<div class=\"inner-wrap animated\" data-animation=\"none\">\r\n\r\n\t\t\t\t\t\t              \r\n            <div class=\"work-item style-1\" data-custom-content=\"off\">\r\n               \r\n              <img class=\"size- skip-lazy\" src=\"http:\/\/www.desprouy.com\/wp-content\/uploads\/2019\/03\/Globin.jpg\" alt=\"\" height=\"\" width=\"\" srcset=\"http:\/\/www.desprouy.com\/wp-content\/uploads\/2019\/03\/Globin.jpg 600w\" sizes=\"(min-width: 1000px) 33.3vw, (min-width: 690px) 50vw, 100vw\" \/>              \r\n\r\n              <div class=\"work-info\"> \r\n                \r\n              \r\n                                  \r\n                  <a href=\"http:\/\/www.desprouy.com\/es\/portfolio\/plasma\/\"><\/a>\r\n                \r\n                                      \r\n      \r\n              <\/div>\r\n                \r\n              <\/div><!--work-item-->\r\n              \r\n              <div class=\"work-meta\">\r\n                <h4 class=\"title\">Plasma<\/h4>\r\n                \r\n                                \r\n              <\/div>\r\n\r\n          \r\n          \t\t\t\t\t\t\r\n\t\t\t\t\t\t\r\n\t\t\t\t\t<\/div><!--\/inner-wrap-->\r\n\t\t\t\t\t<\/div><!--\/col-->\r\n\t\t\t\t\t\r\n\t\t\t\t\r\n\t\t\t<\/div><!--\/portfolio-->\r\n\t   <\/div><!--\/portfolio wrap-->\r\n\t\t\r\n\t\t[\/vc_column][\/vc_row][vc_row type=\u00bbin_container\u00bb full_screen_row_position=\u00bbmiddle\u00bb scene_position=\u00bbcenter\u00bb text_color=\u00bbdark\u00bb text_align=\u00bbleft\u00bb overlay_strength=\u00bb0.3&#8243; shape_divider_position=\u00bbbottom\u00bb][vc_column centered_text=\u00bbtrue\u00bb column_padding=\u00bbpadding-2-percent\u00bb column_padding_position=\u00bball\u00bb background_color_opacity=\u00bb1&#8243; background_hover_color_opacity=\u00bb1&#8243; column_link_target=\u00bb_self\u00bb column_shadow=\u00bbnone\u00bb column_border_radius=\u00bbnone\u00bb width=\u00bb1\/1&#8243; tablet_width_inherit=\u00bbdefault\u00bb tablet_text_alignment=\u00bbdefault\u00bb phone_text_alignment=\u00bbdefault\u00bb column_border_width=\u00bbnone\u00bb column_border_style=\u00bbsolid\u00bb]\r\n    <div class=\"col span_12 section-title text-align-center extra-padding\">\r\n\t\t<h2>\n<h2>Para agricultura.<\/h2>\n<p>Productos principales.<\/h2><\/div><div class=\"clear\"><\/div>[\/vc_column][\/vc_row][vc_row type=\u00bbin_container\u00bb full_screen_row_position=\u00bbmiddle\u00bb scene_position=\u00bbcenter\u00bb text_color=\u00bbdark\u00bb text_align=\u00bbleft\u00bb overlay_strength=\u00bb0.3&#8243; shape_divider_position=\u00bbbottom\u00bb][vc_column column_padding=\u00bbno-extra-padding\u00bb column_padding_position=\u00bball\u00bb background_color_opacity=\u00bb1&#8243; background_hover_color_opacity=\u00bb1&#8243; column_link_target=\u00bb_self\u00bb column_shadow=\u00bbnone\u00bb column_border_radius=\u00bbnone\u00bb width=\u00bb1\/1&#8243; tablet_width_inherit=\u00bbdefault\u00bb tablet_text_alignment=\u00bbdefault\u00bb phone_text_alignment=\u00bbdefault\u00bb column_border_width=\u00bbnone\u00bb column_border_style=\u00bbsolid\u00bb][vc_column_text]\n[\/vc_column_text][vc_row_inner column_margin=\u00bbdefault\u00bb text_align=\u00bbleft\u00bb el_id=\u00bbproducts\u00bb][vc_column_inner enable_animation=\u00bbtrue\u00bb animation=\u00bbfade-in-from-bottom\u00bb column_padding=\u00bbpadding-1-percent\u00bb column_padding_position=\u00bball\u00bb background_color_opacity=\u00bb1&#8243; background_hover_color_opacity=\u00bb1&#8243; column_shadow=\u00bbnone\u00bb column_border_radius=\u00bbnone\u00bb column_link_target=\u00bb_self\u00bb width=\u00bb1\/3&#8243; tablet_width_inherit=\u00bbdefault\u00bb column_border_width=\u00bbnone\u00bb column_border_style=\u00bbsolid\u00bb]<div class=\"img-with-aniamtion-wrap \" data-max-width=\"100%\" data-border-radius=\"none\"><div class=\"inner\"><a href=\"http:\/\/biofeedback.com.uy\/bioaminocid.html\" target=\"_blank\" class=\"\"><img data-shadow=\"none\" data-shadow-direction=\"middle\" class=\"img-with-animation skip-lazy \" data-delay=\"0\" height=\"300\" width=\"533\"  data-animation=\"fade-in\" src=\"http:\/\/www.desprouy.com\/wp-content\/uploads\/2019\/03\/img_prod1-1.png\" srcset=\"http:\/\/www.desprouy.com\/wp-content\/uploads\/2019\/03\/img_prod1-1.png 533w, http:\/\/www.desprouy.com\/wp-content\/uploads\/2019\/03\/img_prod1-1-300x169.png 300w\" sizes=\"100vw\" alt=\"\" \/><\/a><\/div><\/div>[vc_column_text css=\u00bb.vc_custom_1553115063332{padding-top: 20px !important;}\u00bb]\n<h3>Promotores de crecimiento.<\/h3>\n<h5>Efecto nutricional y bioestimulante. Proporciona nitr\u00f3geno, amino\u00e1cidos, Ca, Mg, Mn, Cu y Fe f\u00e1cilmente disponibles. Aplicaci\u00f3n foliar o riego.<\/h5>\n[\/vc_column_text][\/vc_column_inner][vc_column_inner enable_animation=\u00bbtrue\u00bb animation=\u00bbfade-in-from-bottom\u00bb column_padding=\u00bbpadding-1-percent\u00bb column_padding_position=\u00bball\u00bb background_color_opacity=\u00bb1&#8243; background_hover_color_opacity=\u00bb1&#8243; column_shadow=\u00bbnone\u00bb column_border_radius=\u00bbnone\u00bb column_link_target=\u00bb_self\u00bb width=\u00bb1\/3&#8243; tablet_width_inherit=\u00bbdefault\u00bb column_border_width=\u00bbnone\u00bb column_border_style=\u00bbsolid\u00bb delay=\u00bb150&#8243;]<div class=\"img-with-aniamtion-wrap \" data-max-width=\"100%\" data-border-radius=\"none\"><div class=\"inner\"><a href=\"http:\/\/biofeedback.com.uy\/bioroot.html\" target=\"_blank\" class=\"\"><img data-shadow=\"none\" data-shadow-direction=\"middle\" class=\"img-with-animation skip-lazy \" data-delay=\"0\" height=\"300\" width=\"533\"  data-animation=\"fade-in\" src=\"http:\/\/www.desprouy.com\/wp-content\/uploads\/2019\/03\/img_prod2.jpg\" srcset=\"http:\/\/www.desprouy.com\/wp-content\/uploads\/2019\/03\/img_prod2.jpg 533w, http:\/\/www.desprouy.com\/wp-content\/uploads\/2019\/03\/img_prod2-300x169.jpg 300w\" sizes=\"100vw\" alt=\"\" \/><\/a><\/div><\/div>[vc_column_text css=\u00bb.vc_custom_1553115055547{margin-top: 5px !important;padding-top: 20px !important;}\u00bb]\n<h3>Bioroot (Biocidas)<\/h3>\n<h5>N\u00famero de registro del MGAP uruguayo: 3068. Acci\u00f3n nematicida. Contiene 4% de chitosan. Aplicaci\u00f3n foliar o riego.<\/h5>\n[\/vc_column_text][\/vc_column_inner][vc_column_inner enable_animation=\u00bbtrue\u00bb animation=\u00bbfade-in-from-bottom\u00bb column_padding=\u00bbpadding-1-percent\u00bb column_padding_position=\u00bball\u00bb background_color_opacity=\u00bb1&#8243; background_hover_color_opacity=\u00bb1&#8243; column_shadow=\u00bbnone\u00bb column_border_radius=\u00bbnone\u00bb column_link_target=\u00bb_self\u00bb width=\u00bb1\/3&#8243; tablet_width_inherit=\u00bbdefault\u00bb column_border_width=\u00bbnone\u00bb column_border_style=\u00bbsolid\u00bb delay=\u00bb300&#8243;]<div class=\"img-with-aniamtion-wrap \" data-max-width=\"100%\" data-border-radius=\"none\"><div class=\"inner\"><a href=\"http:\/\/biofeedback.com.uy\/biocid.html\" target=\"_blank\" class=\"\"><img data-shadow=\"none\" data-shadow-direction=\"middle\" class=\"img-with-animation skip-lazy \" data-delay=\"0\" height=\"300\" width=\"533\"  data-animation=\"fade-in\" src=\"http:\/\/www.desprouy.com\/wp-content\/uploads\/2019\/03\/img_prod3-1.png\" srcset=\"http:\/\/www.desprouy.com\/wp-content\/uploads\/2019\/03\/img_prod3-1.png 533w, http:\/\/www.desprouy.com\/wp-content\/uploads\/2019\/03\/img_prod3-1-300x169.png 300w\" sizes=\"100vw\" alt=\"\" \/><\/a><\/div><\/div>[vc_column_text css=\u00bb.vc_custom_1553115046738{padding-top: 20px !important;}\u00bb]\n<h3>Biocidas<\/h3>\n<h5>Acci\u00f3n fungicida. Mecanismo estimulador de defensa. Contiene chitosan al 1% y fenoles de lignina modificados. Aplicaci\u00f3n foliar o riego.<\/h5>\n[\/vc_column_text][\/vc_column_inner][\/vc_row_inner][vc_row_inner column_margin=\u00bbdefault\u00bb text_align=\u00bbleft\u00bb el_id=\u00bbproducts\u00bb][vc_column_inner enable_animation=\u00bbtrue\u00bb animation=\u00bbfade-in-from-bottom\u00bb column_padding=\u00bbpadding-1-percent\u00bb column_padding_position=\u00bball\u00bb background_color_opacity=\u00bb1&#8243; background_hover_color_opacity=\u00bb1&#8243; column_shadow=\u00bbnone\u00bb column_border_radius=\u00bbnone\u00bb column_link_target=\u00bb_self\u00bb width=\u00bb1\/3&#8243; tablet_width_inherit=\u00bbdefault\u00bb column_border_width=\u00bbnone\u00bb column_border_style=\u00bbsolid\u00bb]<div class=\"img-with-aniamtion-wrap \" data-max-width=\"100%\" data-border-radius=\"none\"><div class=\"inner\"><a href=\"http:\/\/biofeedback.com.uy\/bioaminocid.html\" target=\"_blank\" class=\"\"><img data-shadow=\"none\" data-shadow-direction=\"middle\" class=\"img-with-animation skip-lazy \" data-delay=\"0\" height=\"300\" width=\"533\"  data-animation=\"fade-in\" src=\"http:\/\/www.desprouy.com\/wp-content\/uploads\/2019\/03\/bioaminocid_crecimiento.png\" srcset=\"http:\/\/www.desprouy.com\/wp-content\/uploads\/2019\/03\/bioaminocid_crecimiento.png 533w, http:\/\/www.desprouy.com\/wp-content\/uploads\/2019\/03\/bioaminocid_crecimiento-300x169.png 300w\" sizes=\"100vw\" alt=\"\" \/><\/a><\/div><\/div>[vc_column_text css=\u00bb.vc_custom_1553115038269{padding-top: 20px !important;}\u00bb]\n<h3>Bioaminoacido (Promotor de crecimiento)<\/h3>\n<h5>Estimulador de desarrollo para plantas de interior. Aplicaci\u00f3n foliar y riego.<\/h5>\n[\/vc_column_text][\/vc_column_inner][vc_column_inner enable_animation=\u00bbtrue\u00bb animation=\u00bbfade-in-from-bottom\u00bb column_padding=\u00bbpadding-1-percent\u00bb column_padding_position=\u00bball\u00bb background_color_opacity=\u00bb1&#8243; background_hover_color_opacity=\u00bb1&#8243; column_shadow=\u00bbnone\u00bb column_border_radius=\u00bbnone\u00bb column_link_target=\u00bb_self\u00bb width=\u00bb1\/3&#8243; tablet_width_inherit=\u00bbdefault\u00bb column_border_width=\u00bbnone\u00bb column_border_style=\u00bbsolid\u00bb delay=\u00bb150&#8243;]<div class=\"img-with-aniamtion-wrap \" data-max-width=\"100%\" data-border-radius=\"none\"><div class=\"inner\"><a href=\"http:\/\/biofeedback.com.uy\/bioaminocid.html\" target=\"_blank\" class=\"\"><img data-shadow=\"none\" data-shadow-direction=\"middle\" class=\"img-with-animation skip-lazy \" data-delay=\"0\" height=\"300\" width=\"533\"  data-animation=\"fade-in\" src=\"http:\/\/www.desprouy.com\/wp-content\/uploads\/2019\/03\/bioaminocid_floracio\u0301n.png\" srcset=\"http:\/\/www.desprouy.com\/wp-content\/uploads\/2019\/03\/bioaminocid_floracio\u0301n.png 533w, http:\/\/www.desprouy.com\/wp-content\/uploads\/2019\/03\/bioaminocid_floracio\u0301n-300x169.png 300w\" sizes=\"100vw\" alt=\"\" \/><\/a><\/div><\/div>[vc_column_text css=\u00bb.vc_custom_1553114982927{margin-top: 5px !important;padding-top: 20px !important;}\u00bb]\n<h3>Bioaminoacido (Promotor de floraci\u00f3n)<\/h3>\n<h5>Promotor de floraci\u00f3n. Para plantas de interior y exterior. Aplicaci\u00f3n foliar y riego.<\/h5>\n[\/vc_column_text][\/vc_column_inner][vc_column_inner enable_animation=\u00bbtrue\u00bb animation=\u00bbfade-in-from-bottom\u00bb column_padding=\u00bbpadding-1-percent\u00bb column_padding_position=\u00bball\u00bb background_color_opacity=\u00bb1&#8243; background_hover_color_opacity=\u00bb1&#8243; column_shadow=\u00bbnone\u00bb column_border_radius=\u00bbnone\u00bb column_link_target=\u00bb_self\u00bb width=\u00bb1\/3&#8243; tablet_width_inherit=\u00bbdefault\u00bb column_border_width=\u00bbnone\u00bb column_border_style=\u00bbsolid\u00bb delay=\u00bb300&#8243;]<div class=\"img-with-aniamtion-wrap \" data-max-width=\"100%\" data-border-radius=\"none\"><div class=\"inner\"><a href=\"http:\/\/biofeedback.com.uy\/nutribon.html\" target=\"_blank\" class=\"\"><img data-shadow=\"none\" data-shadow-direction=\"middle\" class=\"img-with-animation skip-lazy \" data-delay=\"0\" height=\"300\" width=\"533\"  data-animation=\"fade-in\" src=\"http:\/\/www.desprouy.com\/wp-content\/uploads\/2019\/03\/nutribon.png\" srcset=\"http:\/\/www.desprouy.com\/wp-content\/uploads\/2019\/03\/nutribon.png 533w, http:\/\/www.desprouy.com\/wp-content\/uploads\/2019\/03\/nutribon-300x169.png 300w\" sizes=\"100vw\" alt=\"\" \/><\/a><\/div><\/div>[vc_column_text css=\u00bb.vc_custom_1553115025252{padding-top: 20px !important;}\u00bb]\n<h3>Nutribon (Biocorrector de suelo)<\/h3>\n<h5>Biocorrector de suelo. Estructura + Nutrici\u00f3n<\/h5>\n[\/vc_column_text][\/vc_column_inner][\/vc_row_inner][\/vc_column][\/vc_row]\n","protected":false},"excerpt":{"rendered":"<p>[vc_row type=\u00bbin_container\u00bb full_screen_row_position=\u00bbmiddle\u00bb bg_image=\u00bb148&#8243; bg_position=\u00bbcenter center\u00bb bg_repeat=\u00bbno-repeat\u00bb parallax_bg=\u00bbtrue\u00bb parallax_bg_speed=\u00bbfast\u00bb scene_position=\u00bbcenter\u00bb text_color=\u00bblight\u00bb text_align=\u00bbleft\u00bb top_padding=\u00bb8%\u00bb bottom_padding=\u00bb8%\u00bb color_overlay=\u00bb#0c0c0c\u00bb overlay_strength=\u00bb0.5&#8243; shape_divider_position=\u00bbbottom\u00bb shape_type=\u00bb\u00bb][vc_column column_padding=\u00bbno-extra-padding\u00bb column_padding_position=\u00bball\u00bb background_color_opacity=\u00bb1&#8243; background_hover_color_opacity=\u00bb1&#8243; column_link_target=\u00bb_self\u00bb column_shadow=\u00bbnone\u00bb column_border_radius=\u00bbnone\u00bb width=\u00bb1\/6&#8243; tablet_width_inherit=\u00bbdefault\u00bb tablet_text_alignment=\u00bbdefault\u00bb phone_text_alignment=\u00bbdefault\u00bb column_border_width=\u00bbnone\u00bb&#8230;<\/p>\n","protected":false},"author":1,"featured_media":0,"parent":0,"menu_order":0,"comment_status":"closed","ping_status":"closed","template":"","meta":[],"_links":{"self":[{"href":"http:\/\/www.desprouy.com\/es\/wp-json\/wp\/v2\/pages\/212\/"}],"collection":[{"href":"http:\/\/www.desprouy.com\/es\/wp-json\/wp\/v2\/pages\/"}],"about":[{"href":"http:\/\/www.desprouy.com\/es\/wp-json\/wp\/v2\/types\/page\/"}],"author":[{"embeddable":true,"href":"http:\/\/www.desprouy.com\/es\/wp-json\/wp\/v2\/users\/1\/"}],"replies":[{"embeddable":true,"href":"http:\/\/www.desprouy.com\/es\/wp-json\/wp\/v2\/comments\/?post=212"}],"version-history":[{"count":5,"href":"http:\/\/www.desprouy.com\/es\/wp-json\/wp\/v2\/pages\/212\/revisions\/"}],"predecessor-version":[{"id":217,"href":"http:\/\/www.desprouy.com\/es\/wp-json\/wp\/v2\/pages\/212\/revisions\/217\/"}],"wp:attachment":[{"href":"http:\/\/www.desprouy.com\/es\/wp-json\/wp\/v2\/media\/?parent=212"}],"curies":[{"name":"wp","href":"https:\/\/api.w.org\/{rel}","templated":true}]}}