{"id":219,"date":"2019-03-08T20:57:37","date_gmt":"2019-03-08T20:57:37","guid":{"rendered":"http:\/\/www.desprouy.com\/about\/"},"modified":"2019-03-20T20:57:25","modified_gmt":"2019-03-20T20:57:25","slug":"acerca","status":"publish","type":"page","link":"http:\/\/www.desprouy.com\/es\/acerca\/","title":{"rendered":"Acerca"},"content":{"rendered":"[vc_row type=\u00bbfull_width_content\u00bb full_screen_row_position=\u00bbmiddle\u00bb equal_height=\u00bbyes\u00bb content_placement=\u00bbmiddle\u00bb full_height=\u00bbyes\u00bb columns_placement=\u00bbstretch\u00bb scene_position=\u00bbcenter\u00bb text_color=\u00bbdark\u00bb text_align=\u00bbleft\u00bb overlay_strength=\u00bb0.3&#8243; shape_divider_position=\u00bbbottom\u00bb][vc_column column_padding=\u00bbno-extra-padding\u00bb column_padding_position=\u00bball\u00bb background_color_opacity=\u00bb1&#8243; background_hover_color_opacity=\u00bb1&#8243; background_image=\u00bb68&#8243; column_link_target=\u00bb_self\u00bb column_shadow=\u00bbnone\u00bb column_border_radius=\u00bbnone\u00bb width=\u00bb1\/2&#8243; tablet_width_inherit=\u00bbdefault\u00bb tablet_text_alignment=\u00bbdefault\u00bb phone_text_alignment=\u00bbdefault\u00bb column_border_width=\u00bbnone\u00bb column_border_style=\u00bbsolid\u00bb]<div class=\"divider-wrap\" data-alignment=\"default\"><div style=\"height: 500px;\" class=\"divider\"><\/div><\/div>[\/vc_column][vc_column column_padding=\u00bbpadding-8-percent\u00bb column_padding_position=\u00bball\u00bb background_color=\u00bb#ffffff\u00bb background_color_opacity=\u00bb1&#8243; background_hover_color_opacity=\u00bb1&#8243; column_link_target=\u00bb_self\u00bb column_shadow=\u00bbnone\u00bb column_border_radius=\u00bbnone\u00bb width=\u00bb1\/2&#8243; tablet_width_inherit=\u00bbdefault\u00bb tablet_text_alignment=\u00bbdefault\u00bb phone_text_alignment=\u00bbdefault\u00bb column_border_width=\u00bbnone\u00bb column_border_style=\u00bbsolid\u00bb][nectar_animated_title heading_tag=\u00bbh5&#8243; style=\u00bbcolor-strip-reveal\u00bb color=\u00bbAccent-Color\u00bb text=\u00bbSobre Despro\u00bb][vc_custom_heading text=\u00bbDesde 1999 creando productos naturales.\u00bb font_container=\u00bbtag:h2|font_size:42|text_align:left|line_height:52px\u00bb use_theme_fonts=\u00bbyes\u00bb][vc_column_text css=\u00bb.vc_custom_1553115346435{margin-top: 30px !important;margin-bottom: 30px !important;}\u00bb]Nuestra<strong> misi\u00f3n<\/strong> es elaborar, desarrollar y vender prote\u00ednas y amino\u00e1cidos para la formaci\u00f3n equilibrada de alimentos de origen animal, a partir de la transformaci\u00f3n de los residuos de los frigor\u00edficos, de acuerdo con las necesidades de cada especie animal y vegetal.<\/p>\n<p>Adem\u00e1s de la b\u00fasqueda constante de nuevas tecnolog\u00edas y procedimientos para hacer una alimentaci\u00f3n animal m\u00e1s eficiente y crear productos con, a\u00fan, m\u00e1s valor.<\/p>\n<p>Nuestra <strong>Visi\u00f3n<\/strong> es convertirnos en una pieza fundamental en la cadena alimenticia y liderar el desarrollo, investigaci\u00f3n y comercializaci\u00f3n en esta \u00e1rea.[\/vc_column_text][vc_column_text css=\u00bb.vc_custom_1553115430527{margin-bottom: 30px !important;}\u00bb]<span style=\"font-weight: 400;\"><strong>Despro S.A.<\/strong> es una empresa formada en 1999 con el objetivo principal de crear una industria sobre el desperdicio de empresas de procesamiento de carne. Despu\u00e9s de a\u00f1os de experiencia, Despro incorpor\u00f3 nuevas tecnolog\u00edas que mejoraron diferentes productos y ayudaron a crear muchos nuevos. Esta mejora nos permiti\u00f3 acceder tambi\u00e9n a nuevos y m\u00e1s sofisticados mercados en todo el mundo.<\/span><\/p>\n<p><span style=\"font-weight: 400;\">A lo largo de los a\u00f1os, la compa\u00f1\u00eda adapt\u00f3 y desarroll\u00f3 nuevos productos en una mejora constante para poder atender mejor a nuestros clientes. Esta evoluci\u00f3n ha sido posible gracias a nuestra pol\u00edtica de liderazgo e innovaci\u00f3n, para la cual una gran parte de nuestro presupuesto est\u00e1 enfocado, invirtiendo en tecnolog\u00edas y nuevas t\u00e9cnicas de producci\u00f3n para una mejora constante.<\/span>[\/vc_column_text][nectar_cta btn_style=\u00bbsee-through\u00bb heading_tag=\u00bbh5&#8243; text_color=\u00bb#2f4eff\u00bb link_type=\u00bbregular\u00bb alignment=\u00bbleft\u00bb link_text=\u00bbContacto\u00bb url=\u00bbhttp:\/\/desprouy.com\/#contact\u00bb][\/vc_column][\/vc_row]\n","protected":false},"excerpt":{"rendered":"<p>[vc_row type=\u00bbfull_width_content\u00bb full_screen_row_position=\u00bbmiddle\u00bb equal_height=\u00bbyes\u00bb content_placement=\u00bbmiddle\u00bb full_height=\u00bbyes\u00bb columns_placement=\u00bbstretch\u00bb scene_position=\u00bbcenter\u00bb text_color=\u00bbdark\u00bb text_align=\u00bbleft\u00bb overlay_strength=\u00bb0.3&#8243; shape_divider_position=\u00bbbottom\u00bb][vc_column column_padding=\u00bbno-extra-padding\u00bb column_padding_position=\u00bball\u00bb background_color_opacity=\u00bb1&#8243; background_hover_color_opacity=\u00bb1&#8243; background_image=\u00bb68&#8243; column_link_target=\u00bb_self\u00bb column_shadow=\u00bbnone\u00bb column_border_radius=\u00bbnone\u00bb width=\u00bb1\/2&#8243; tablet_width_inherit=\u00bbdefault\u00bb tablet_text_alignment=\u00bbdefault\u00bb phone_text_alignment=\u00bbdefault\u00bb column_border_width=\u00bbnone\u00bb column_border_style=\u00bbsolid\u00bb][\/vc_column][vc_column column_padding=\u00bbpadding-8-percent\u00bb column_padding_position=\u00bball\u00bb background_color=\u00bb#ffffff\u00bb background_color_opacity=\u00bb1&#8243;&#8230;<\/p>\n","protected":false},"author":1,"featured_media":0,"parent":0,"menu_order":0,"comment_status":"closed","ping_status":"closed","template":"","meta":[],"_links":{"self":[{"href":"http:\/\/www.desprouy.com\/es\/wp-json\/wp\/v2\/pages\/219\/"}],"collection":[{"href":"http:\/\/www.desprouy.com\/es\/wp-json\/wp\/v2\/pages\/"}],"about":[{"href":"http:\/\/www.desprouy.com\/es\/wp-json\/wp\/v2\/types\/page\/"}],"author":[{"embeddable":true,"href":"http:\/\/www.desprouy.com\/es\/wp-json\/wp\/v2\/users\/1\/"}],"replies":[{"embeddable":true,"href":"http:\/\/www.desprouy.com\/es\/wp-json\/wp\/v2\/comments\/?post=219"}],"version-history":[{"count":2,"href":"http:\/\/www.desprouy.com\/es\/wp-json\/wp\/v2\/pages\/219\/revisions\/"}],"predecessor-version":[{"id":221,"href":"http:\/\/www.desprouy.com\/es\/wp-json\/wp\/v2\/pages\/219\/revisions\/221\/"}],"wp:attachment":[{"href":"http:\/\/www.desprouy.com\/es\/wp-json\/wp\/v2\/media\/?parent=219"}],"curies":[{"name":"wp","href":"https:\/\/api.w.org\/{rel}","templated":true}]}}