{"id":226,"date":"2019-03-08T23:48:58","date_gmt":"2019-03-08T23:48:58","guid":{"rendered":"http:\/\/www.desprouy.com\/agro\/"},"modified":"2019-03-20T21:09:57","modified_gmt":"2019-03-20T21:09:57","slug":"agro","status":"publish","type":"page","link":"https:\/\/www.desprouy.com\/es\/agro\/","title":{"rendered":"Agro"},"content":{"rendered":"[vc_row type=\u00bbfull_width_background\u00bb full_screen_row_position=\u00bbmiddle\u00bb equal_height=\u00bbyes\u00bb content_placement=\u00bbmiddle\u00bb bg_color=\u00bb#ffffff\u00bb scene_position=\u00bbcenter\u00bb text_color=\u00bbdark\u00bb text_align=\u00bbleft\u00bb top_padding=\u00bb10%\u00bb bottom_padding=\u00bb10%\u00bb id=\u00bbdiscover\u00bb overlay_strength=\u00bb0.3&#8243; shape_divider_position=\u00bbbottom\u00bb shape_type=\u00bb\u00bb][vc_column column_padding=\u00bbno-extra-padding\u00bb column_padding_position=\u00bball\u00bb background_color_opacity=\u00bb1&#8243; background_hover_color_opacity=\u00bb1&#8243; column_link_target=\u00bb_self\u00bb column_shadow=\u00bbnone\u00bb column_border_radius=\u00bbnone\u00bb width=\u00bb2\/3&#8243; tablet_width_inherit=\u00bbdefault\u00bb tablet_text_alignment=\u00bbdefault\u00bb phone_text_alignment=\u00bbdefault\u00bb column_border_width=\u00bbnone\u00bb column_border_style=\u00bbsolid\u00bb]<div class=\"img-with-aniamtion-wrap \" data-max-width=\"110%\" data-border-radius=\"none\"><div class=\"inner\"><img data-shadow=\"none\" data-shadow-direction=\"middle\" class=\"img-with-animation skip-lazy \" data-delay=\"0\" height=\"4000\" width=\"6000\"  data-animation=\"grow-in\" src=\"https:\/\/www.desprouy.com\/wp-content\/uploads\/2019\/03\/xiaolong-wong-1165035-unsplash-min-2.jpg\" srcset=\"https:\/\/www.desprouy.com\/wp-content\/uploads\/2019\/03\/xiaolong-wong-1165035-unsplash-min-2.jpg 6000w, https:\/\/www.desprouy.com\/wp-content\/uploads\/2019\/03\/xiaolong-wong-1165035-unsplash-min-2-300x200.jpg 300w, https:\/\/www.desprouy.com\/wp-content\/uploads\/2019\/03\/xiaolong-wong-1165035-unsplash-min-2-768x512.jpg 768w, https:\/\/www.desprouy.com\/wp-content\/uploads\/2019\/03\/xiaolong-wong-1165035-unsplash-min-2-700x467.jpg 700w, https:\/\/www.desprouy.com\/wp-content\/uploads\/2019\/03\/xiaolong-wong-1165035-unsplash-min-2-900x600.jpg 900w\" sizes=\"100vw\" alt=\"\" \/><\/div><\/div>[\/vc_column][vc_column column_padding=\u00bbno-extra-padding\u00bb column_padding_position=\u00bball\u00bb background_color_opacity=\u00bb1&#8243; background_hover_color_opacity=\u00bb1&#8243; column_link_target=\u00bb_self\u00bb column_shadow=\u00bbnone\u00bb column_border_radius=\u00bbnone\u00bb width=\u00bb1\/3&#8243; tablet_width_inherit=\u00bbdefault\u00bb tablet_text_alignment=\u00bbdefault\u00bb phone_text_alignment=\u00bbdefault\u00bb column_border_width=\u00bbnone\u00bb column_border_style=\u00bbsolid\u00bb][vc_row_inner column_margin=\u00bbdefault\u00bb text_align=\u00bbleft\u00bb css=\u00bb.vc_custom_1504128844236{margin-right: -1px !important;}\u00bb][vc_column_inner enable_animation=\u00bbtrue\u00bb animation=\u00bbfade-in-from-left\u00bb column_padding=\u00bbno-extra-padding\u00bb column_padding_position=\u00bball\u00bb background_color_opacity=\u00bb1&#8243; background_hover_color_opacity=\u00bb1&#8243; column_shadow=\u00bbnone\u00bb column_border_radius=\u00bbnone\u00bb column_link_target=\u00bb_self\u00bb width=\u00bb1\/1&#8243; tablet_width_inherit=\u00bbdefault\u00bb column_border_width=\u00bbnone\u00bb column_border_style=\u00bbsolid\u00bb][vc_custom_heading text=\u00bbProductos biol\u00f3gicos para uso en agricultura.\u00bb font_container=\u00bbtag:h2|font_size:40|text_align:left|line_height:50px\u00bb use_theme_fonts=\u00bbyes\u00bb][vc_column_text css=\u00bb.vc_custom_1553115948524{margin-top: 30px !important;margin-bottom: 30px !important;}\u00bb]\n<h5>Contribuye en nutrici\u00f3n, estructura y salud, pat\u00f3genos y contaminantes libres, homog\u00e9neos y constantes en el tiempo, para ser utilizados en la agricultura org\u00e1nica, integrados o como complemento a los piensos tradicionales.<\/h5>\n<h5>Se fabrican a partir de biomasa utilizando diferentes t\u00e9cnicas biotecnol\u00f3gicas para la transformaci\u00f3n de los recursos naturales. Pol\u00edmeros, obteniendo mol\u00e9culas con acci\u00f3n espec\u00edfica.<\/h5>\n[\/vc_column_text][nectar_btn size=\u00bblarge\u00bb button_style=\u00bbregular\u00bb button_color_2=\u00bbAccent-Color\u00bb icon_family=\u00bbfontawesome\u00bb url=\u00bb#products\u00bb text=\u00bbVer productos\u00bb css_animation=\u00bbnone\u00bb margin_top=\u00bb20&#8243; icon_fontawesome=\u00bbfa fa-caret-down\u00bb][\/vc_column_inner][\/vc_row_inner][\/vc_column][\/vc_row][vc_row type=\u00bbin_container\u00bb full_screen_row_position=\u00bbmiddle\u00bb scene_position=\u00bbcenter\u00bb text_color=\u00bbdark\u00bb text_align=\u00bbleft\u00bb overlay_strength=\u00bb0.3&#8243; shape_divider_position=\u00bbbottom\u00bb][vc_column column_padding=\u00bbno-extra-padding\u00bb column_padding_position=\u00bball\u00bb background_color_opacity=\u00bb1&#8243; background_hover_color_opacity=\u00bb1&#8243; column_link_target=\u00bb_self\u00bb column_shadow=\u00bbnone\u00bb column_border_radius=\u00bbnone\u00bb width=\u00bb1\/1&#8243; tablet_width_inherit=\u00bbdefault\u00bb tablet_text_alignment=\u00bbdefault\u00bb phone_text_alignment=\u00bbdefault\u00bb column_border_width=\u00bbnone\u00bb column_border_style=\u00bbsolid\u00bb][vc_column_text]\n<h2 style=\"text-align: center;\">Agricultura<\/h2>\n<p style=\"text-align: center;\">Principales productos<\/p>\n[\/vc_column_text][vc_row_inner column_margin=\u00bbdefault\u00bb text_align=\u00bbleft\u00bb el_id=\u00bbproducts\u00bb][vc_column_inner enable_animation=\u00bbtrue\u00bb animation=\u00bbfade-in-from-bottom\u00bb column_padding=\u00bbpadding-1-percent\u00bb column_padding_position=\u00bball\u00bb background_color_opacity=\u00bb1&#8243; background_hover_color_opacity=\u00bb1&#8243; column_shadow=\u00bbnone\u00bb column_border_radius=\u00bbnone\u00bb column_link_target=\u00bb_self\u00bb width=\u00bb1\/3&#8243; tablet_width_inherit=\u00bbdefault\u00bb column_border_width=\u00bbnone\u00bb column_border_style=\u00bbsolid\u00bb]<div class=\"img-with-aniamtion-wrap \" data-max-width=\"100%\" data-border-radius=\"none\"><div class=\"inner\"><a href=\"http:\/\/biofeedback.com.uy\/bioaminocid.html\" target=\"_blank\" class=\"\"><img data-shadow=\"none\" data-shadow-direction=\"middle\" class=\"img-with-animation skip-lazy \" data-delay=\"0\" height=\"300\" width=\"533\"  data-animation=\"fade-in\" src=\"https:\/\/www.desprouy.com\/wp-content\/uploads\/2019\/03\/img_prod1-1.png\" srcset=\"https:\/\/www.desprouy.com\/wp-content\/uploads\/2019\/03\/img_prod1-1.png 533w, https:\/\/www.desprouy.com\/wp-content\/uploads\/2019\/03\/img_prod1-1-300x169.png 300w\" sizes=\"100vw\" alt=\"\" \/><\/a><\/div><\/div>[vc_column_text css=\u00bb.vc_custom_1553115063332{padding-top: 20px !important;}\u00bb]\n<h3>Promotores de crecimiento.<\/h3>\n<h5>Efecto nutricional y bioestimulante. Proporciona nitr\u00f3geno, amino\u00e1cidos, Ca, Mg, Mn, Cu y Fe f\u00e1cilmente disponibles. Aplicaci\u00f3n foliar o riego.<\/h5>\n[\/vc_column_text][\/vc_column_inner][vc_column_inner enable_animation=\u00bbtrue\u00bb animation=\u00bbfade-in-from-bottom\u00bb column_padding=\u00bbpadding-1-percent\u00bb column_padding_position=\u00bball\u00bb background_color_opacity=\u00bb1&#8243; background_hover_color_opacity=\u00bb1&#8243; column_shadow=\u00bbnone\u00bb column_border_radius=\u00bbnone\u00bb column_link_target=\u00bb_self\u00bb width=\u00bb1\/3&#8243; tablet_width_inherit=\u00bbdefault\u00bb column_border_width=\u00bbnone\u00bb column_border_style=\u00bbsolid\u00bb delay=\u00bb150&#8243;]<div class=\"img-with-aniamtion-wrap \" data-max-width=\"100%\" data-border-radius=\"none\"><div class=\"inner\"><a href=\"http:\/\/biofeedback.com.uy\/bioroot.html\" target=\"_blank\" class=\"\"><img data-shadow=\"none\" data-shadow-direction=\"middle\" class=\"img-with-animation skip-lazy \" data-delay=\"0\" height=\"300\" width=\"533\"  data-animation=\"fade-in\" src=\"https:\/\/www.desprouy.com\/wp-content\/uploads\/2019\/03\/img_prod2.jpg\" srcset=\"https:\/\/www.desprouy.com\/wp-content\/uploads\/2019\/03\/img_prod2.jpg 533w, https:\/\/www.desprouy.com\/wp-content\/uploads\/2019\/03\/img_prod2-300x169.jpg 300w\" sizes=\"100vw\" alt=\"\" \/><\/a><\/div><\/div>[vc_column_text css=\u00bb.vc_custom_1553115055547{margin-top: 5px !important;padding-top: 20px !important;}\u00bb]\n<h3>Bioroot (Biocidas)<\/h3>\n<h5>N\u00famero de registro del MGAP uruguayo: 3068. Acci\u00f3n nematicida. Contiene 4% de chitosan. Aplicaci\u00f3n foliar o riego.<\/h5>\n[\/vc_column_text][\/vc_column_inner][vc_column_inner enable_animation=\u00bbtrue\u00bb animation=\u00bbfade-in-from-bottom\u00bb column_padding=\u00bbpadding-1-percent\u00bb column_padding_position=\u00bball\u00bb background_color_opacity=\u00bb1&#8243; background_hover_color_opacity=\u00bb1&#8243; column_shadow=\u00bbnone\u00bb column_border_radius=\u00bbnone\u00bb column_link_target=\u00bb_self\u00bb width=\u00bb1\/3&#8243; tablet_width_inherit=\u00bbdefault\u00bb column_border_width=\u00bbnone\u00bb column_border_style=\u00bbsolid\u00bb delay=\u00bb300&#8243;]<div class=\"img-with-aniamtion-wrap \" data-max-width=\"100%\" data-border-radius=\"none\"><div class=\"inner\"><a href=\"http:\/\/biofeedback.com.uy\/biocid.html\" target=\"_blank\" class=\"\"><img data-shadow=\"none\" data-shadow-direction=\"middle\" class=\"img-with-animation skip-lazy \" data-delay=\"0\" height=\"300\" width=\"533\"  data-animation=\"fade-in\" src=\"https:\/\/www.desprouy.com\/wp-content\/uploads\/2019\/03\/img_prod3-1.png\" srcset=\"https:\/\/www.desprouy.com\/wp-content\/uploads\/2019\/03\/img_prod3-1.png 533w, https:\/\/www.desprouy.com\/wp-content\/uploads\/2019\/03\/img_prod3-1-300x169.png 300w\" sizes=\"100vw\" alt=\"\" \/><\/a><\/div><\/div>[vc_column_text css=\u00bb.vc_custom_1553115046738{padding-top: 20px !important;}\u00bb]\n<h3>Biocidas<\/h3>\n<h5>Acci\u00f3n fungicida. Mecanismo estimulador de defensa. Contiene chitosan al 1% y fenoles de lignina modificados. Aplicaci\u00f3n foliar o riego.<\/h5>\n[\/vc_column_text][\/vc_column_inner][\/vc_row_inner][vc_row_inner column_margin=\u00bbdefault\u00bb text_align=\u00bbleft\u00bb el_id=\u00bbproducts\u00bb][vc_column_inner enable_animation=\u00bbtrue\u00bb animation=\u00bbfade-in-from-bottom\u00bb column_padding=\u00bbpadding-1-percent\u00bb column_padding_position=\u00bball\u00bb background_color_opacity=\u00bb1&#8243; background_hover_color_opacity=\u00bb1&#8243; column_shadow=\u00bbnone\u00bb column_border_radius=\u00bbnone\u00bb column_link_target=\u00bb_self\u00bb width=\u00bb1\/3&#8243; tablet_width_inherit=\u00bbdefault\u00bb column_border_width=\u00bbnone\u00bb column_border_style=\u00bbsolid\u00bb]<div class=\"img-with-aniamtion-wrap \" data-max-width=\"100%\" data-border-radius=\"none\"><div class=\"inner\"><a href=\"http:\/\/biofeedback.com.uy\/bioaminocid.html\" target=\"_blank\" class=\"\"><img data-shadow=\"none\" data-shadow-direction=\"middle\" class=\"img-with-animation skip-lazy \" data-delay=\"0\" height=\"300\" width=\"533\"  data-animation=\"fade-in\" src=\"https:\/\/www.desprouy.com\/wp-content\/uploads\/2019\/03\/bioaminocid_crecimiento.png\" srcset=\"https:\/\/www.desprouy.com\/wp-content\/uploads\/2019\/03\/bioaminocid_crecimiento.png 533w, https:\/\/www.desprouy.com\/wp-content\/uploads\/2019\/03\/bioaminocid_crecimiento-300x169.png 300w\" sizes=\"100vw\" alt=\"\" \/><\/a><\/div><\/div>[vc_column_text css=\u00bb.vc_custom_1553115038269{padding-top: 20px !important;}\u00bb]\n<h3>Bioaminoacido (Promotor de crecimiento)<\/h3>\n<h5>Estimulador de desarrollo para plantas de interior. Aplicaci\u00f3n foliar y riego.<\/h5>\n[\/vc_column_text][\/vc_column_inner][vc_column_inner enable_animation=\u00bbtrue\u00bb animation=\u00bbfade-in-from-bottom\u00bb column_padding=\u00bbpadding-1-percent\u00bb column_padding_position=\u00bball\u00bb background_color_opacity=\u00bb1&#8243; background_hover_color_opacity=\u00bb1&#8243; column_shadow=\u00bbnone\u00bb column_border_radius=\u00bbnone\u00bb column_link_target=\u00bb_self\u00bb width=\u00bb1\/3&#8243; tablet_width_inherit=\u00bbdefault\u00bb column_border_width=\u00bbnone\u00bb column_border_style=\u00bbsolid\u00bb delay=\u00bb150&#8243;]<div class=\"img-with-aniamtion-wrap \" data-max-width=\"100%\" data-border-radius=\"none\"><div class=\"inner\"><a href=\"http:\/\/biofeedback.com.uy\/bioaminocid.html\" target=\"_blank\" class=\"\"><img data-shadow=\"none\" data-shadow-direction=\"middle\" class=\"img-with-animation skip-lazy \" data-delay=\"0\" height=\"300\" width=\"533\"  data-animation=\"fade-in\" src=\"https:\/\/www.desprouy.com\/wp-content\/uploads\/2019\/03\/bioaminocid_floracio\u0301n.png\" srcset=\"https:\/\/www.desprouy.com\/wp-content\/uploads\/2019\/03\/bioaminocid_floracio\u0301n.png 533w, https:\/\/www.desprouy.com\/wp-content\/uploads\/2019\/03\/bioaminocid_floracio\u0301n-300x169.png 300w\" sizes=\"100vw\" alt=\"\" \/><\/a><\/div><\/div>[vc_column_text css=\u00bb.vc_custom_1553114982927{margin-top: 5px !important;padding-top: 20px !important;}\u00bb]\n<h3>Bioaminoacido (Promotor de floraci\u00f3n)<\/h3>\n<h5>Promotor de floraci\u00f3n. Para plantas de interior y exterior. Aplicaci\u00f3n foliar y riego.<\/h5>\n[\/vc_column_text][\/vc_column_inner][vc_column_inner enable_animation=\u00bbtrue\u00bb animation=\u00bbfade-in-from-bottom\u00bb column_padding=\u00bbpadding-1-percent\u00bb column_padding_position=\u00bball\u00bb background_color_opacity=\u00bb1&#8243; background_hover_color_opacity=\u00bb1&#8243; column_shadow=\u00bbnone\u00bb column_border_radius=\u00bbnone\u00bb column_link_target=\u00bb_self\u00bb width=\u00bb1\/3&#8243; tablet_width_inherit=\u00bbdefault\u00bb column_border_width=\u00bbnone\u00bb column_border_style=\u00bbsolid\u00bb delay=\u00bb300&#8243;]<div class=\"img-with-aniamtion-wrap \" data-max-width=\"100%\" data-border-radius=\"none\"><div class=\"inner\"><a href=\"http:\/\/biofeedback.com.uy\/nutribon.html\" target=\"_blank\" class=\"\"><img data-shadow=\"none\" data-shadow-direction=\"middle\" class=\"img-with-animation skip-lazy \" data-delay=\"0\" height=\"300\" width=\"533\"  data-animation=\"fade-in\" src=\"https:\/\/www.desprouy.com\/wp-content\/uploads\/2019\/03\/nutribon.png\" srcset=\"https:\/\/www.desprouy.com\/wp-content\/uploads\/2019\/03\/nutribon.png 533w, https:\/\/www.desprouy.com\/wp-content\/uploads\/2019\/03\/nutribon-300x169.png 300w\" sizes=\"100vw\" alt=\"\" \/><\/a><\/div><\/div>[vc_column_text css=\u00bb.vc_custom_1553115025252{padding-top: 20px !important;}\u00bb]\n<h3>Nutribon (Biocorrector de suelo)<\/h3>\n<h5>Biocorrector de suelo. Estructura + Nutrici\u00f3n<\/h5>\n[\/vc_column_text][\/vc_column_inner][\/vc_row_inner][\/vc_column][\/vc_row]\n","protected":false},"excerpt":{"rendered":"<p>[vc_row type=\u00bbfull_width_background\u00bb full_screen_row_position=\u00bbmiddle\u00bb equal_height=\u00bbyes\u00bb content_placement=\u00bbmiddle\u00bb bg_color=\u00bb#ffffff\u00bb scene_position=\u00bbcenter\u00bb text_color=\u00bbdark\u00bb text_align=\u00bbleft\u00bb top_padding=\u00bb10%\u00bb bottom_padding=\u00bb10%\u00bb id=\u00bbdiscover\u00bb overlay_strength=\u00bb0.3&#8243; shape_divider_position=\u00bbbottom\u00bb shape_type=\u00bb\u00bb][vc_column column_padding=\u00bbno-extra-padding\u00bb column_padding_position=\u00bball\u00bb background_color_opacity=\u00bb1&#8243; background_hover_color_opacity=\u00bb1&#8243; column_link_target=\u00bb_self\u00bb column_shadow=\u00bbnone\u00bb column_border_radius=\u00bbnone\u00bb width=\u00bb2\/3&#8243; tablet_width_inherit=\u00bbdefault\u00bb tablet_text_alignment=\u00bbdefault\u00bb phone_text_alignment=\u00bbdefault\u00bb column_border_width=\u00bbnone\u00bb column_border_style=\u00bbsolid\u00bb][\/vc_column][vc_column column_padding=\u00bbno-extra-padding\u00bb column_padding_position=\u00bball\u00bb&#8230;<\/p>\n","protected":false},"author":1,"featured_media":0,"parent":0,"menu_order":0,"comment_status":"closed","ping_status":"closed","template":"","meta":[],"_links":{"self":[{"href":"https:\/\/www.desprouy.com\/es\/wp-json\/wp\/v2\/pages\/226\/"}],"collection":[{"href":"https:\/\/www.desprouy.com\/es\/wp-json\/wp\/v2\/pages\/"}],"about":[{"href":"https:\/\/www.desprouy.com\/es\/wp-json\/wp\/v2\/types\/page\/"}],"author":[{"embeddable":true,"href":"https:\/\/www.desprouy.com\/es\/wp-json\/wp\/v2\/users\/1\/"}],"replies":[{"embeddable":true,"href":"https:\/\/www.desprouy.com\/es\/wp-json\/wp\/v2\/comments\/?post=226"}],"version-history":[{"count":5,"href":"https:\/\/www.desprouy.com\/es\/wp-json\/wp\/v2\/pages\/226\/revisions\/"}],"predecessor-version":[{"id":231,"href":"https:\/\/www.desprouy.com\/es\/wp-json\/wp\/v2\/pages\/226\/revisions\/231\/"}],"wp:attachment":[{"href":"https:\/\/www.desprouy.com\/es\/wp-json\/wp\/v2\/media\/?parent=226"}],"curies":[{"name":"wp","href":"https:\/\/api.w.org\/{rel}","templated":true}]}}